{"id":5346,"date":"2021-12-17T17:32:17","date_gmt":"2021-12-17T16:32:17","guid":{"rendered":"https:\/\/invino-event-com.dev.hiteo.cloud\/datenschutzrichtlinie\/"},"modified":"2022-10-28T10:49:42","modified_gmt":"2022-10-28T08:49:42","slug":"datenschutzrichtlinie","status":"publish","type":"page","link":"https:\/\/invino-event.com\/de\/datenschutzrichtlinie\/","title":{"rendered":"DATENSCHUTZRICHTLINIE"},"content":{"rendered":"\t\t<div data-elementor-type=\"wp-page\" data-elementor-id=\"5346\" class=\"elementor elementor-5346 elementor-3\" data-elementor-post-type=\"page\">\n\t\t\t\t\t\t<section class=\"elementor-section elementor-top-section elementor-element elementor-element-ae3c902 elementor-section-height-min-height elementor-section-boxed elementor-section-height-default elementor-section-items-middle\" data-id=\"ae3c902\" data-element_type=\"section\" data-e-type=\"section\" data-settings=\"{&quot;background_background&quot;:&quot;classic&quot;}\">\n\t\t\t\t\t\t\t<div class=\"elementor-background-overlay\"><\/div>\n\t\t\t\t\t\t\t<div class=\"elementor-container elementor-column-gap-default\">\n\t\t\t\t\t<div class=\"elementor-column elementor-col-100 elementor-top-column elementor-element elementor-element-065f6e8\" data-id=\"065f6e8\" data-element_type=\"column\" data-e-type=\"column\">\n\t\t\t<div class=\"elementor-widget-wrap elementor-element-populated\">\n\t\t\t\t\t\t<div class=\"elementor-element elementor-element-adcb120 elementor-widget elementor-widget-heading\" data-id=\"adcb120\" data-element_type=\"widget\" data-e-type=\"widget\" data-widget_type=\"heading.default\">\n\t\t\t\t<div class=\"elementor-widget-container\">\n\t\t\t\t\t<p class=\"elementor-heading-title elementor-size-default\">DATENSCHUTZRICHTLINIE<\/p>\t\t\t\t<\/div>\n\t\t\t\t<\/div>\n\t\t\t\t<div class=\"elementor-element elementor-element-6de453b elementor-widget-divider--view-line elementor-widget elementor-widget-divider\" data-id=\"6de453b\" data-element_type=\"widget\" data-e-type=\"widget\" data-widget_type=\"divider.default\">\n\t\t\t\t<div class=\"elementor-widget-container\">\n\t\t\t\t\t\t\t<div class=\"elementor-divider\">\n\t\t\t<span class=\"elementor-divider-separator\">\n\t\t\t\t\t\t<\/span>\n\t\t<\/div>\n\t\t\t\t\t\t<\/div>\n\t\t\t\t<\/div>\n\t\t\t\t\t<\/div>\n\t\t<\/div>\n\t\t\t\t\t<\/div>\n\t\t<\/section>\n\t\t\t\t<section class=\"elementor-section elementor-top-section elementor-element elementor-element-7c038f2 elementor-section-boxed elementor-section-height-default elementor-section-height-default\" data-id=\"7c038f2\" data-element_type=\"section\" data-e-type=\"section\">\n\t\t\t\t\t\t<div class=\"elementor-container elementor-column-gap-default\">\n\t\t\t\t\t<div class=\"elementor-column elementor-col-100 elementor-top-column elementor-element elementor-element-f521bc1\" data-id=\"f521bc1\" data-element_type=\"column\" data-e-type=\"column\">\n\t\t\t<div class=\"elementor-widget-wrap elementor-element-populated\">\n\t\t\t\t\t\t<div class=\"elementor-element elementor-element-9657d63 elementor-view-default elementor-widget elementor-widget-icon\" data-id=\"9657d63\" data-element_type=\"widget\" data-e-type=\"widget\" data-widget_type=\"icon.default\">\n\t\t\t\t<div class=\"elementor-widget-container\">\n\t\t\t\t\t\t\t<div class=\"elementor-icon-wrapper\">\n\t\t\t<div class=\"elementor-icon\">\n\t\t\t<i aria-hidden=\"true\" class=\"fas fa-slash\"><\/i>\t\t\t<\/div>\n\t\t<\/div>\n\t\t\t\t\t\t<\/div>\n\t\t\t\t<\/div>\n\t\t\t\t\t<\/div>\n\t\t<\/div>\n\t\t\t\t\t<\/div>\n\t\t<\/section>\n\t\t\t\t<section class=\"elementor-section elementor-top-section elementor-element elementor-element-61bfcd8 elementor-section-boxed elementor-section-height-default elementor-section-height-default\" data-id=\"61bfcd8\" data-element_type=\"section\" data-e-type=\"section\">\n\t\t\t\t\t\t<div class=\"elementor-container elementor-column-gap-default\">\n\t\t\t\t\t<div class=\"elementor-column elementor-col-100 elementor-top-column elementor-element elementor-element-3a3b04c\" data-id=\"3a3b04c\" data-element_type=\"column\" data-e-type=\"column\">\n\t\t\t<div class=\"elementor-widget-wrap elementor-element-populated\">\n\t\t\t\t\t\t<div class=\"elementor-element elementor-element-b981f7c elementor-widget elementor-widget-text-editor\" data-id=\"b981f7c\" data-element_type=\"widget\" data-e-type=\"widget\" data-widget_type=\"text-editor.default\">\n\t\t\t\t<div class=\"elementor-widget-container\">\n\t\t\t\t\t\t\t\t\t<p><span style=\"text-decoration: underline;\"><strong>EINLEITUNG<\/strong><\/span><\/p>\n<p>Angesichts der Entwicklung immer neuer Kommunikationsinstrumente kommt dem Schutz der Privatsph\u00e4re immer mehr Bedeutung zu. Aus diesem Grund verpflichten wir uns, die Vertraulichkeit der von uns erhobenen personenbezogenen Daten zu wahren. <\/p>\n<p><span style=\"text-decoration: underline;\"><strong>FORMULARE UND INTERAKTIVIT\u00c4T<\/strong><\/span><\/p>\n<p><strong>Ihre personenbezogenen Daten werden mithilfe der folgenden Formulare erhoben:<\/strong><\/p>\n<ul>\n<li>Kontaktformular<\/li>\n<li>Newsletter-Anmeldung<\/li>\n<\/ul>\n<p><strong>Wir nutzen die auf diese Weise erhobenen Daten f\u00fcr folgende Zwecke:<\/strong><\/p>\n<ul>\n<li>Informationen \/ Sonderangebote<\/li>\n<li>Kontakt<\/li>\n<\/ul>\n<p><span style=\"text-decoration: underline;\"><strong>ERHEBUNG PERSONENBEZOGENER DATEN<\/strong><\/span><\/p>\n<p><strong>Wir erheben die folgenden Daten:<\/strong><\/p>\n<ul>\n<li>Name<\/li>\n<li>Vorname<\/li>\n<li>Firma<\/li>\n<li>Telefonnummer<\/li>\n<li>E-Mail Adresse<\/li>\n<\/ul>\n<p>Die personenbezogenen Daten, die wir sammeln, werden mithilfe von Formularen und aufgrund der Interaktivit\u00e4t zwischen Ihnen und unserer Website erhoben. Wir verwenden auch, wie im folgenden Abschnitt angegeben, Cookies und\/oder Log-Dateien, um Sie betreffende Daten zu erfassen. <\/p>\n<p><span style=\"text-decoration: underline;\"><strong>LOGDATEIEN UND COOKIES<\/strong><\/span><\/p>\n<p><strong>Wir erheben bestimmte Daten \u00fcber Log-Dateien und Cookies*. Es handelt sich haupts\u00e4chlich um folgende Daten:<\/strong><\/p>\n<ul>\n<li>IP-Adresse<\/li>\n<li>Betriebssystem<\/li>\n<li>Besuchte Seiten und Anfragen<\/li>\n<li>Uhrzeit und Tag des Besuchs<\/li>\n<\/ul>\n<p><strong>Die Verwendung solcher Dateien erm\u00f6glicht uns:<\/strong><\/p>\n<ul>\n<li>Statistiken<\/li>\n<\/ul>\n<p>* Ein Cookie ist eine kleine Textdatei, die an den Browser des Nutzers gesandt und auf dessen Endger\u00e4t (Computer, Tablet oder Smartphone) gespeichert wird. Diese Datei umfasst Daten wie den Domain-Namen des Nutzers, den Internet-Anbieter des Nutzers, das Betriebssystem des Nutzers sowie das Datum und die Uhrzeit des Zugangs. Cookies stellen in keinem Fall ein Risiko f\u00fcr das Endger\u00e4t des Nutzers dar und haben eine begrenzte G\u00fcltigkeitsdauer.<\/p>\n<p><span style=\"text-decoration: underline;\"><strong>RECHT AUF ZUGRIFF<\/strong><\/span><\/p>\n<p>Wir verpflichten uns, Personen, die die sie betreffenden Daten einsehen, \u00e4ndern oder auch l\u00f6schen m\u00f6chten, ein Recht auf Zugriff und Berichtigung dieser Daten zu gew\u00e4hren.<\/p>\n<p><strong>Um dieses Recht auszu\u00fcben, wenden Sie sich an:<\/strong><\/p>\n<ul>\n<li>Postanschrift: INVINO Event, 14 Avenue Descartes 33370 Artigues-pr\u00e8s-Bordeaux \u2013 France<\/li>\n<li>E-Mail: khadija@invino-event.com<\/li>\n<li>Tel.: +33 953 56 33 43<\/li>\n<\/ul>\n<p><span style=\"text-decoration: underline;\"><strong>SICHERHEIT<\/strong><\/span><\/p>\n<p>Die von uns erhobenen personenbezogenen Daten werden in einer sicheren Umgebung gespeichert. Die f\u00fcr uns arbeitenden Personen sind verpflichtet, die Vertraulichkeit Ihrer Daten zu wahren.<\/p>\n<p><strong>Um die Sicherheit Ihrer personenbezogenen Daten zu gew\u00e4hrleisten, machen wir von folgenden Ma\u00dfnahmen Gebrauch:<\/strong><\/p>\n<ul>\n<li>SSL-Protokoll (Secure Sockets Layer)<\/li>\n<li>Verwaltung der Zugriffe \u2013 berechtigte Person<\/li>\n<li>Verwaltung der Zugriffe \u2013 betroffene Person<\/li>\n<li>Software zur Netzwerk\u00fcberwachung<\/li>\n<li>Datensicherung<\/li>\n<li>Benutzername \/ Passwort<\/li>\n<li>Firewalls<\/li>\n<\/ul>\n<p>Wir verpflichten uns, ein hohes Ma\u00df an Vertraulichkeit zu wahren, und sichern die Vertraulichkeit Ihrer Transaktionen, indem wir die neuesten technologischen Innovationen nutzen. Da jedoch kein Mechanismus maximale Sicherheit bietet, bleibt bei der Nutzung des Internets zur \u00dcbermittlung personenbezogener Daten stets ein Restrisiko bestehen.<\/p>\n<p><span style=\"text-decoration: underline;\"><strong>GESETZGEBUNG<\/strong><\/span><\/p>\n<p><strong>Wir verpflichten uns, die europ\u00e4ischen Rechtsvorschriften einzuhalten, die festgelegt sind in:<\/strong><\/p>\n<ul>\n<li>der DSGVO (Datenschutz-Grundverordnung)<\/li>\n<li>em franz\u00f6sischen Datenschutzgesetz \u201eInformatique et Libert\u00e9s\u201c<\/li>\n<\/ul>\n\t\t\t\t\t\t\t\t<\/div>\n\t\t\t\t<\/div>\n\t\t\t\t\t<\/div>\n\t\t<\/div>\n\t\t\t\t\t<\/div>\n\t\t<\/section>\n\t\t\t\t<\/div>\n\t\t","protected":false},"excerpt":{"rendered":"<p>DATENSCHUTZRICHTLINIE EINLEITUNG Angesichts der Entwicklung immer neuer Kommunikationsinstrumente kommt dem Schutz der Privatsph\u00e4re immer mehr Bedeutung zu. Aus diesem Grund verpflichten wir uns, die Vertraulichkeit der von uns erhobenen personenbezogenen Daten zu wahren. FORMULARE UND INTERAKTIVIT\u00c4T Ihre personenbezogenen Daten werden mithilfe der folgenden Formulare erhoben: Kontaktformular Newsletter-Anmeldung Wir nutzen die auf diese Weise erhobenen Daten [&hellip;]<\/p>\n","protected":false},"author":3,"featured_media":0,"parent":0,"menu_order":0,"comment_status":"closed","ping_status":"closed","template":"elementor_header_footer","meta":{"footnotes":""},"class_list":["post-5346","page","type-page","status-publish","hentry"],"yoast_head":"<!-- This site is optimized with the Yoast SEO plugin v27.3 - https:\/\/yoast.com\/product\/yoast-seo-wordpress\/ -->\n<title>DATENSCHUTZRICHTLINIE - Invino Event<\/title>\n<meta name=\"description\" content=\"DATENSCHUTZRICHTLINIE EINLEITUNG Angesichts der Entwicklung immer neuer Kommunikationsinstrumente kommt dem Schutz der Privatsph\u00e4re immer mehr Bedeutung\" \/>\n<meta name=\"robots\" content=\"index, follow, max-snippet:-1, max-image-preview:large, max-video-preview:-1\" \/>\n<link rel=\"canonical\" href=\"https:\/\/invino-event.com\/de\/datenschutzrichtlinie\/\" \/>\n<meta property=\"og:locale\" content=\"de_DE\" \/>\n<meta property=\"og:type\" content=\"article\" \/>\n<meta property=\"og:title\" content=\"DATENSCHUTZRICHTLINIE - Invino Event\" \/>\n<meta property=\"og:description\" content=\"DATENSCHUTZRICHTLINIE EINLEITUNG Angesichts der Entwicklung immer neuer Kommunikationsinstrumente kommt dem Schutz der Privatsph\u00e4re immer mehr Bedeutung\" \/>\n<meta property=\"og:url\" content=\"https:\/\/invino-event.com\/de\/datenschutzrichtlinie\/\" \/>\n<meta property=\"og:site_name\" content=\"Invino Event\" \/>\n<meta property=\"article:modified_time\" content=\"2022-10-28T08:49:42+00:00\" \/>\n<meta name=\"twitter:card\" content=\"summary_large_image\" \/>\n<meta name=\"twitter:label1\" content=\"Gesch\u00e4tzte Lesezeit\" \/>\n\t<meta name=\"twitter:data1\" content=\"2\u00a0Minuten\" \/>\n<script type=\"application\/ld+json\" class=\"yoast-schema-graph\">{\"@context\":\"https:\\\/\\\/schema.org\",\"@graph\":[{\"@type\":\"WebPage\",\"@id\":\"https:\\\/\\\/invino-event.com\\\/de\\\/datenschutzrichtlinie\\\/\",\"url\":\"https:\\\/\\\/invino-event.com\\\/de\\\/datenschutzrichtlinie\\\/\",\"name\":\"DATENSCHUTZRICHTLINIE - Invino Event\",\"isPartOf\":{\"@id\":\"https:\\\/\\\/invino-event.com\\\/de\\\/#website\"},\"datePublished\":\"2021-12-17T16:32:17+00:00\",\"dateModified\":\"2022-10-28T08:49:42+00:00\",\"description\":\"DATENSCHUTZRICHTLINIE EINLEITUNG Angesichts der Entwicklung immer neuer Kommunikationsinstrumente kommt dem Schutz der Privatsph\u00e4re immer mehr Bedeutung\",\"breadcrumb\":{\"@id\":\"https:\\\/\\\/invino-event.com\\\/de\\\/datenschutzrichtlinie\\\/#breadcrumb\"},\"inLanguage\":\"de\",\"potentialAction\":[{\"@type\":\"ReadAction\",\"target\":[\"https:\\\/\\\/invino-event.com\\\/de\\\/datenschutzrichtlinie\\\/\"]}]},{\"@type\":\"BreadcrumbList\",\"@id\":\"https:\\\/\\\/invino-event.com\\\/de\\\/datenschutzrichtlinie\\\/#breadcrumb\",\"itemListElement\":[{\"@type\":\"ListItem\",\"position\":1,\"name\":\"Accueil\",\"item\":\"https:\\\/\\\/invino-event.com\\\/de\\\/\"},{\"@type\":\"ListItem\",\"position\":2,\"name\":\"DATENSCHUTZRICHTLINIE\"}]},{\"@type\":\"WebSite\",\"@id\":\"https:\\\/\\\/invino-event.com\\\/de\\\/#website\",\"url\":\"https:\\\/\\\/invino-event.com\\\/de\\\/\",\"name\":\"Invino Event\",\"description\":\"Un site utilisant WordPress\",\"publisher\":{\"@id\":\"https:\\\/\\\/invino-event.com\\\/de\\\/#organization\"},\"potentialAction\":[{\"@type\":\"SearchAction\",\"target\":{\"@type\":\"EntryPoint\",\"urlTemplate\":\"https:\\\/\\\/invino-event.com\\\/de\\\/?s={search_term_string}\"},\"query-input\":{\"@type\":\"PropertyValueSpecification\",\"valueRequired\":true,\"valueName\":\"search_term_string\"}}],\"inLanguage\":\"de\"},{\"@type\":\"Organization\",\"@id\":\"https:\\\/\\\/invino-event.com\\\/de\\\/#organization\",\"name\":\"Invino Event\",\"url\":\"https:\\\/\\\/invino-event.com\\\/de\\\/\",\"logo\":{\"@type\":\"ImageObject\",\"inLanguage\":\"de\",\"@id\":\"https:\\\/\\\/invino-event.com\\\/de\\\/#\\\/schema\\\/logo\\\/image\\\/\",\"url\":\"https:\\\/\\\/invino-event.com\\\/wp-content\\\/uploads\\\/2022\\\/09\\\/logo-invinoevent-artigues-pre\u0300s-bordeaux.png\",\"contentUrl\":\"https:\\\/\\\/invino-event.com\\\/wp-content\\\/uploads\\\/2022\\\/09\\\/logo-invinoevent-artigues-pre\u0300s-bordeaux.png\",\"width\":1196,\"height\":559,\"caption\":\"Invino Event\"},\"image\":{\"@id\":\"https:\\\/\\\/invino-event.com\\\/de\\\/#\\\/schema\\\/logo\\\/image\\\/\"}}]}<\/script>\n<!-- \/ Yoast SEO plugin. -->","yoast_head_json":{"title":"DATENSCHUTZRICHTLINIE - Invino Event","description":"DATENSCHUTZRICHTLINIE EINLEITUNG Angesichts der Entwicklung immer neuer Kommunikationsinstrumente kommt dem Schutz der Privatsph\u00e4re immer mehr Bedeutung","robots":{"index":"index","follow":"follow","max-snippet":"max-snippet:-1","max-image-preview":"max-image-preview:large","max-video-preview":"max-video-preview:-1"},"canonical":"https:\/\/invino-event.com\/de\/datenschutzrichtlinie\/","og_locale":"de_DE","og_type":"article","og_title":"DATENSCHUTZRICHTLINIE - Invino Event","og_description":"DATENSCHUTZRICHTLINIE EINLEITUNG Angesichts der Entwicklung immer neuer Kommunikationsinstrumente kommt dem Schutz der Privatsph\u00e4re immer mehr Bedeutung","og_url":"https:\/\/invino-event.com\/de\/datenschutzrichtlinie\/","og_site_name":"Invino Event","article_modified_time":"2022-10-28T08:49:42+00:00","twitter_card":"summary_large_image","twitter_misc":{"Gesch\u00e4tzte Lesezeit":"2\u00a0Minuten"},"schema":{"@context":"https:\/\/schema.org","@graph":[{"@type":"WebPage","@id":"https:\/\/invino-event.com\/de\/datenschutzrichtlinie\/","url":"https:\/\/invino-event.com\/de\/datenschutzrichtlinie\/","name":"DATENSCHUTZRICHTLINIE - Invino Event","isPartOf":{"@id":"https:\/\/invino-event.com\/de\/#website"},"datePublished":"2021-12-17T16:32:17+00:00","dateModified":"2022-10-28T08:49:42+00:00","description":"DATENSCHUTZRICHTLINIE EINLEITUNG Angesichts der Entwicklung immer neuer Kommunikationsinstrumente kommt dem Schutz der Privatsph\u00e4re immer mehr Bedeutung","breadcrumb":{"@id":"https:\/\/invino-event.com\/de\/datenschutzrichtlinie\/#breadcrumb"},"inLanguage":"de","potentialAction":[{"@type":"ReadAction","target":["https:\/\/invino-event.com\/de\/datenschutzrichtlinie\/"]}]},{"@type":"BreadcrumbList","@id":"https:\/\/invino-event.com\/de\/datenschutzrichtlinie\/#breadcrumb","itemListElement":[{"@type":"ListItem","position":1,"name":"Accueil","item":"https:\/\/invino-event.com\/de\/"},{"@type":"ListItem","position":2,"name":"DATENSCHUTZRICHTLINIE"}]},{"@type":"WebSite","@id":"https:\/\/invino-event.com\/de\/#website","url":"https:\/\/invino-event.com\/de\/","name":"Invino Event","description":"Un site utilisant WordPress","publisher":{"@id":"https:\/\/invino-event.com\/de\/#organization"},"potentialAction":[{"@type":"SearchAction","target":{"@type":"EntryPoint","urlTemplate":"https:\/\/invino-event.com\/de\/?s={search_term_string}"},"query-input":{"@type":"PropertyValueSpecification","valueRequired":true,"valueName":"search_term_string"}}],"inLanguage":"de"},{"@type":"Organization","@id":"https:\/\/invino-event.com\/de\/#organization","name":"Invino Event","url":"https:\/\/invino-event.com\/de\/","logo":{"@type":"ImageObject","inLanguage":"de","@id":"https:\/\/invino-event.com\/de\/#\/schema\/logo\/image\/","url":"https:\/\/invino-event.com\/wp-content\/uploads\/2022\/09\/logo-invinoevent-artigues-pre\u0300s-bordeaux.png","contentUrl":"https:\/\/invino-event.com\/wp-content\/uploads\/2022\/09\/logo-invinoevent-artigues-pre\u0300s-bordeaux.png","width":1196,"height":559,"caption":"Invino Event"},"image":{"@id":"https:\/\/invino-event.com\/de\/#\/schema\/logo\/image\/"}}]}},"_links":{"self":[{"href":"https:\/\/invino-event.com\/de\/wp-json\/wp\/v2\/pages\/5346","targetHints":{"allow":["GET"]}}],"collection":[{"href":"https:\/\/invino-event.com\/de\/wp-json\/wp\/v2\/pages"}],"about":[{"href":"https:\/\/invino-event.com\/de\/wp-json\/wp\/v2\/types\/page"}],"author":[{"embeddable":true,"href":"https:\/\/invino-event.com\/de\/wp-json\/wp\/v2\/users\/3"}],"replies":[{"embeddable":true,"href":"https:\/\/invino-event.com\/de\/wp-json\/wp\/v2\/comments?post=5346"}],"version-history":[{"count":0,"href":"https:\/\/invino-event.com\/de\/wp-json\/wp\/v2\/pages\/5346\/revisions"}],"wp:attachment":[{"href":"https:\/\/invino-event.com\/de\/wp-json\/wp\/v2\/media?parent=5346"}],"curies":[{"name":"wp","href":"https:\/\/api.w.org\/{rel}","templated":true}]}}