{"id":5344,"date":"2022-09-14T13:30:53","date_gmt":"2022-09-14T11:30:53","guid":{"rendered":"https:\/\/invino-event-com.dev.hiteo.cloud\/rechtliche-hinweise\/"},"modified":"2022-10-28T10:48:59","modified_gmt":"2022-10-28T08:48:59","slug":"rechtliche-hinweise","status":"publish","type":"page","link":"https:\/\/invino-event.com\/de\/rechtliche-hinweise\/","title":{"rendered":"RECHTLICHE HINWEISE"},"content":{"rendered":"\t\t<div data-elementor-type=\"wp-page\" data-elementor-id=\"5344\" class=\"elementor elementor-5344 elementor-30\" data-elementor-post-type=\"page\">\n\t\t\t\t\t\t<section class=\"elementor-section elementor-top-section elementor-element elementor-element-b972af3 elementor-section-height-min-height elementor-section-boxed elementor-section-height-default elementor-section-items-middle\" data-id=\"b972af3\" data-element_type=\"section\" data-e-type=\"section\" data-settings=\"{&quot;background_background&quot;:&quot;classic&quot;}\">\n\t\t\t\t\t\t\t<div class=\"elementor-background-overlay\"><\/div>\n\t\t\t\t\t\t\t<div class=\"elementor-container elementor-column-gap-default\">\n\t\t\t\t\t<div class=\"elementor-column elementor-col-100 elementor-top-column elementor-element elementor-element-12afddf\" data-id=\"12afddf\" data-element_type=\"column\" data-e-type=\"column\">\n\t\t\t<div class=\"elementor-widget-wrap elementor-element-populated\">\n\t\t\t\t\t\t<div class=\"elementor-element elementor-element-4da9c5c elementor-widget elementor-widget-heading\" data-id=\"4da9c5c\" data-element_type=\"widget\" data-e-type=\"widget\" data-widget_type=\"heading.default\">\n\t\t\t\t<div class=\"elementor-widget-container\">\n\t\t\t\t\t<p class=\"elementor-heading-title elementor-size-default\">RECHTLICHE HINWEISE<\/p>\t\t\t\t<\/div>\n\t\t\t\t<\/div>\n\t\t\t\t<div class=\"elementor-element elementor-element-7cf479e elementor-widget-divider--view-line elementor-widget elementor-widget-divider\" data-id=\"7cf479e\" data-element_type=\"widget\" data-e-type=\"widget\" data-widget_type=\"divider.default\">\n\t\t\t\t<div class=\"elementor-widget-container\">\n\t\t\t\t\t\t\t<div class=\"elementor-divider\">\n\t\t\t<span class=\"elementor-divider-separator\">\n\t\t\t\t\t\t<\/span>\n\t\t<\/div>\n\t\t\t\t\t\t<\/div>\n\t\t\t\t<\/div>\n\t\t\t\t\t<\/div>\n\t\t<\/div>\n\t\t\t\t\t<\/div>\n\t\t<\/section>\n\t\t\t\t<section class=\"elementor-section elementor-top-section elementor-element elementor-element-47e555d elementor-section-boxed elementor-section-height-default elementor-section-height-default\" data-id=\"47e555d\" data-element_type=\"section\" data-e-type=\"section\">\n\t\t\t\t\t\t<div class=\"elementor-container elementor-column-gap-default\">\n\t\t\t\t\t<div class=\"elementor-column elementor-col-100 elementor-top-column elementor-element elementor-element-530bbda\" data-id=\"530bbda\" data-element_type=\"column\" data-e-type=\"column\">\n\t\t\t<div class=\"elementor-widget-wrap elementor-element-populated\">\n\t\t\t\t\t\t<div class=\"elementor-element elementor-element-aefbc77 elementor-view-default elementor-widget elementor-widget-icon\" data-id=\"aefbc77\" data-element_type=\"widget\" data-e-type=\"widget\" data-widget_type=\"icon.default\">\n\t\t\t\t<div class=\"elementor-widget-container\">\n\t\t\t\t\t\t\t<div class=\"elementor-icon-wrapper\">\n\t\t\t<div class=\"elementor-icon\">\n\t\t\t<i aria-hidden=\"true\" class=\"fas fa-slash\"><\/i>\t\t\t<\/div>\n\t\t<\/div>\n\t\t\t\t\t\t<\/div>\n\t\t\t\t<\/div>\n\t\t\t\t\t<\/div>\n\t\t<\/div>\n\t\t\t\t\t<\/div>\n\t\t<\/section>\n\t\t\t\t<section class=\"elementor-section elementor-top-section elementor-element elementor-element-d08ee4d elementor-section-boxed elementor-section-height-default elementor-section-height-default\" data-id=\"d08ee4d\" data-element_type=\"section\" data-e-type=\"section\">\n\t\t\t\t\t\t<div class=\"elementor-container elementor-column-gap-default\">\n\t\t\t\t\t<div class=\"elementor-column elementor-col-100 elementor-top-column elementor-element elementor-element-96d2555\" data-id=\"96d2555\" data-element_type=\"column\" data-e-type=\"column\">\n\t\t\t<div class=\"elementor-widget-wrap elementor-element-populated\">\n\t\t\t\t\t\t<div class=\"elementor-element elementor-element-89d3434 elementor-widget elementor-widget-text-editor\" data-id=\"89d3434\" data-element_type=\"widget\" data-e-type=\"widget\" data-widget_type=\"text-editor.default\">\n\t\t\t\t<div class=\"elementor-widget-container\">\n\t\t\t\t\t\t\t\t\t<p><span style=\"text-decoration: underline;\"><strong>PR\u00c4SENTATION DER WEBSITE<\/strong><\/span><\/p>\n<p>digitale Wirtschaft werden die Nutzer der Website <a href=\"https:\/\/www.invino-event.com\/\">www.invino-event.com<\/a> \u00fcber die Identit\u00e4t der verschiedenen f\u00fcr die Erstellung und Betreuung der Website verantwortlichen Akteure informiert:<\/p>\n<p><strong>Eigent\u00fcmer<\/strong>: Invino Event \u2013 SIRET: 481 302 206 00059 \u2013 APE: 8230Z \u2013 Umsatzsteuer-Identit\u00e4tsnummer: FR 35 481 302 206 \u2013 36 Rue du Parc des Sports F-33440 AMBARES ET LAGRAVE <br \/><strong>Ersteller<\/strong> : <a href=\"https:\/\/ideclap.fr\/\" target=\"_blank\" rel=\"noopener\">IDECLAP<\/a><br \/><strong>Herausgeber: <\/strong> : Khadija BEN AMMAR\u2013 09 53 56 33 43<br \/>Der Herausgeber ist eine nat\u00fcrliche oder juristische Person.<br \/><strong>Webmaster<\/strong> : Khadija BEN AMMAR \u2013 09 53 56 33 43<br \/><strong>Webhoster<\/strong> : HITEO, 40 Rue Ferrere, 33000 Bordeaux <a href=\"https:\/\/www.google.com\/search?q=hiteo&amp;rlz=1C1VDKB_frFR934FR934&amp;oq=hiteo+&amp;aqs=chrome.0.69i59j0i10i30l2j0i30j69i60l4.799j0j4&amp;sourceid=chrome&amp;ie=UTF-8#\" data-dtype=\"d3ph\" data-local-attribute=\"d3ph\" data-ved=\"2ahUKEwjJ7Na4irf6AhURYxoKHYnUAY0QkAgoAHoECD8QAw\"><span aria-label=\"Appeler le 05 35 54 65 06\">05 35 54 65 06<\/span><\/a><br \/>Urheberrechte: Fotos : Invino Event<\/p>\n<p><span style=\"text-decoration: underline;\"><strong>ALLGEMEINE BEDINGUNGEN F\u00dcR DIE NUTZUNG DER WEBSITE UND DER ANGEBOTENEN DIENSTE<\/strong><\/span><\/p>\n<p>Die Nutzung der Website <a href=\"https:\/\/www.invino-event.com\/\">www.invino-event.com<\/a> setzt die vorbehaltlose Akzeptanz der nachstehend aufgef\u00fchrten allgemeinen Nutzungsbedingungen voraus. Diese Nutzungsbedingungen k\u00f6nnen jederzeit ge\u00e4ndert oder erg\u00e4nzt werden. Entsprechend wird den Nutzern der Website <a href=\"https:\/\/www.invino-event.com\/\">www.invino-event.com<\/a> empfohlen, sie regelm\u00e4\u00dfig einzusehen.<\/p>\n<p>Die Website steht den Nutzern normalerweise jederzeit zur Verf\u00fcgung. Invino Event kann jedoch eine Unterbrechung aufgrund einer technischen Wartung beschlie\u00dfen und bem\u00fcht sich in dem Fall darum, die Nutzer im Voraus \u00fcber Datum und Uhrzeit dieser Unterbrechung zu informieren.<\/p>\n<p>Die Website <a href=\"https:\/\/www.invino-event.com\/\">www.invino-event.com<\/a> wird regelm\u00e4\u00dfig von Oliver Pechstein aktualisiert. Auch die rechtlichen Hinweise k\u00f6nnen jederzeit abge\u00e4ndert werden. Da sie jedoch verbindlich f\u00fcr den Nutzer sind, wird er gebeten, sie so oft wie m\u00f6glich einzusehen, um etwaige \u00c4nderungen zur Kenntnis zu nehmen.<\/p>\n<p><span style=\"text-decoration: underline;\"><strong>BESCHREIBUNG DER ANGEBOTENEN DIENSTE<\/strong><\/span><\/p>\n<p>Zweck der website <a href=\"https:\/\/www.invino-event.com\/\">www.invino-event.com<\/a> ist es, informationen zu s\u00e4mtlichen aktivit\u00e4ten des unternehmens zur verf\u00fcgung zu stellen.<\/p>\n<p>Invino Event bem\u00fcht sich, m\u00f6glichst pr\u00e4zise Informationen auf der Website <a href=\"https:\/\/www.invino-event.com\/\">www.invino-event.com<\/a> zu ver\u00f6ffentlichen. Das Unternehmen haftet jedoch nicht f\u00fcr Auslassungen, Ungenauigkeiten oder Unzul\u00e4nglichkeiten bei der Aktualisierung, ganz gleich, ob sie ihm selbst oder dritten Partnern, die diese Informationen bereitstellen, anzulasten sind.<\/p>\n<p>S\u00e4mtliche Informationen auf der Website <a href=\"https:\/\/www.invino-event.com\/\">www.invino-event.com<\/a> sind unverbindlich und k\u00f6nnen jederzeit ge\u00e4ndert werden. Dar\u00fcber hinaus erheben die Informationen auf der Website <a href=\"https:\/\/www.invino-event.com\/\">www.invino-event.com<\/a> keinen Anspruch auf Vollst\u00e4ndigkeit. Sie verstehen sich vorbehaltlich \u00c4nderungen, die seit ihrer Aufschaltung vorgenommen wurden.<\/p>\n<p><span style=\"text-decoration: underline;\"><strong>VERTRAGLICHE BESCHR\u00c4NKUNGEN BEZ\u00dcGLICH DER TECHNISCHEN DATEN<\/strong><\/span><\/p>\n<p>Die Website nutzt die Technologie JavaScript.<\/p>\n<p>Die Website kann nicht f\u00fcr materielle Sch\u00e4den in Verbindung mit ihrer Nutzung haftbar gemacht werden. Dar\u00fcber hinaus verpflichtet sich der Nutzer der Website, mit modernen, virenfreien Ger\u00e4ten und einem aktuellen Browser der neuesten Generation auf die Website zuzugreifen.<\/p>\n<p><span style=\"text-decoration: underline;\"><strong>GEISTIGES EIGENTUM UND F\u00c4LSCHUNGEN<\/strong><\/span><\/p>\n<p>Invino Event ist Inhaber der geistigen Eigentumsrechte und besitzt die Nutzungsrechte f\u00fcr alle auf der Website verf\u00fcgbaren Elemente, insbesondere die Texte, Bilder, Grafiken, Logos, Symbole, Tondateien und Softwares.<\/p>\n<p>Jegliche Vervielf\u00e4ltigung, Darstellung, \u00c4nderung, Ver\u00f6ffentlichung oder Anpassung aller oder eines Teils der Elemente der Website \u2013 egal auf welche Art oder mit welchem Verfahren \u2013 ist ohne die vorherige schriftliche Genehmigung von Invino Event verboten.<\/p>\n<p>Jede nicht genehmigte Nutzung der Website oder eines der auf ihr enthaltenen Elemente gilt als F\u00e4lschung und wird gem\u00e4\u00df den Bestimmungen der Artikel L.335-2 und folgende des Code de Propri\u00e9t\u00e9 Intellectuelle (franz\u00f6sisches Gesetzbuch \u00fcber das geistige Eigentum) geahndet.<\/p>\n<p><span style=\"text-decoration: underline;\"><strong>HAFTUNGSBESCHR\u00c4NKUNG<\/strong><\/span><\/p>\n<p>Invino Event kann nicht f\u00fcr direkte und indirekte Sch\u00e4den haftbar gemacht werden, die beim Zugriff auf die Website www.invino-event.com durch das Material des Nutzers verursacht werden und die entweder auf die Nutzung von Material, das den Vorgaben unter Punkt 4 nicht entspricht, oder auf das Auftreten eines Programmfehlers oder eine Inkompatibilit\u00e4t zur\u00fcckf\u00fchren sind.<\/p>\n<p>Ebenso wenig kann Invino Event f\u00fcr indirekte Sch\u00e4den (wie beispielsweise den Verlust eines Auftrags oder einer Chance) infolge der Nutzung der Website <a href=\"https:\/\/www.invino-event.com\/\">www.invino-event.com<\/a> haftbar gemacht werden.<\/p>\n<p>Den Nutzern stehen interaktive Bereiche (z. B. die M\u00f6glichkeit, im Kontaktbereich Fragen zu stellen) zur Verf\u00fcgung. Invino Event beh\u00e4lt sich das Recht vor, in diesem Bereich hinterlegte Inhalte, die den franz\u00f6sischen Gesetzen und insbesondere den Datenschutzbestimmungen widersprechen, ohne vorherige Ank\u00fcndigung zu l\u00f6schen Invino Event beh\u00e4lt sich das Recht vor, in diesem Bereich hinterlegte Inhalte, die den franz\u00f6sischen Gesetzen und insbesondere den Datenschutzbestimmungen widersprechen, ohne vorherige Ank\u00fcndigung zu l\u00f6schen<\/p>\n<p><span style=\"text-decoration: underline;\"><strong>VERWALTUNG PERSONENBEZOGENER DATEN<\/strong><\/span><\/p>\n<p>In Frankreich stehen pers\u00f6nliche Daten unter dem Schutz des Gesetzes Nr. 78-17 vom 6. Januar 1978, des Gesetzes Nr. 2004-801 vom 6. August 2004, des Artikels L. 226-13 des Strafgesetzbuches sowie der europ\u00e4ischen Richtlinie vom 24. Oktober 1995.<\/p>\n<p>Bei der Nutzung der Website <a href=\"https:\/\/www.invino-event.com\/\">www.invino-event.com<\/a> k\u00f6nnen folgende Daten gesammelt werden: die URL der Links, \u00fcber die der Nutzer auf die Website <a href=\"https:\/\/www.invino-event.com\/\">www.invino-event.com<\/a> gelangt, der Internetprovider des Nutzers sowie die IP-Adresse des Nutzers.<\/p>\n<p>In jedem Fall sammelt Invino Event pers\u00f6nliche Daten des Nutzers nur f\u00fcr bestimmte von der Website <a href=\"https:\/\/www.invino-event.com\/\">www.invino-event.com<\/a> angebotene Dienste. Der Nutzer stellt diese Daten in voller Kenntnis der Sachlage bereit, insbesondere dann, wenn er sie selbst eingibt. In diesem Fall wird der Nutzer der Website <a href=\"https:\/\/www.invino-event.com\/\">www.invino-event.com<\/a> dar\u00fcber informiert, ob er verpflichtet ist, diese Daten bereitzustellen. <\/p>\n<p>Gem\u00e4\u00df den Bestimmungen der Artikel 38 und folgende des franz\u00f6sischen Datenschutzgesetzes 78-17 vom 6. Januar 1978 (Loi 78-17 du 6 janvier 1978 relative \u00e0 l\u2019informatique, aux fichiers et aux libert\u00e9s) besitzt der Nutzer ein Recht auf Zugang, Korrektur und L\u00f6schung der ihn betreffenden pers\u00f6nlichen Daten. Um dieses Recht auszu\u00fcben, schickt er einen schriftlichen und unterschriebenen Antrag zusammen mit einer unterschriebenen Kopie seines Ausweises und unter Angabe der Adresse f\u00fcr die R\u00fcckantwort an den Eigent\u00fcmer der Website.<\/p>\n<p>Pers\u00f6nlichen Daten des Nutzers der Website <a href=\"https:\/\/www.invino-event.com\/\">www.invino-event.com<\/a> werden in keinem Fall ohne sein Wissen ver\u00f6ffentlicht oder ausgetauscht oder an Dritte \u00fcbermittelt, abgetreten oder verkauft. Lediglich bei einem Verkauf von Invino Event und seiner Rechte w\u00e4re eine \u00dcbertragung der besagten Daten an den eventuellen K\u00e4ufer m\u00f6glich, der dem Nutzer der Website <a href=\"https:\/\/www.invino-event.com\/\">www.invino-event.com<\/a> gegen\u00fcber jedoch ebenso zum Schutz seiner Daten verpflichtet w\u00e4re.<\/p>\n<p>Die Website ist der franz\u00f6sischen Datenschutzbeh\u00f6rde CNIL (Commission Nationale Informatique et Libert\u00e9s) nicht gemeldet, da auf ihr keine pers\u00f6nlichen Daten gesammelt werden.<\/p>\n<p>Die Datenbanken sind durch die Bestimmungen des Gesetzes vom 1. Juli 1998 in Umsetzung der Richtlinie 96\/9 vom 11. M\u00e4rz 1996 \u00fcber den rechtlichen Schutz von Datenbanken gesch\u00fctzt.<\/p>\n<p><span style=\"text-decoration: underline;\"><strong>HYPERTEXT-LINKS UND COOKIES<\/strong><\/span><\/p>\n<p>Die Website <a href=\"https:\/\/www.invino-event.com\/\">www.invino-event.com<\/a> enth\u00e4lt eine gewisse Zahl an Hypertext-Links zu anderen Websites. Diese Links wurden mit der Genehmigung von Invino Event gesetzt. Invino Event hat jedoch keine M\u00f6glichkeit, die Inhalte dieser Websites zu \u00fcberpr\u00fcfen, und \u00fcbernimmt folglich keinerlei Haftung.<\/p>\n<p>Bei der Navigation auf der Website <a href=\"https:\/\/www.invino-event.com\/\">www.invino-event.com<\/a> k\u00f6nnen Cookies auf dem Computer des Nutzers abgelegt werden. Ein Cookie ist eine kleine Datei, die den Nutzer nicht identifiziert, aber Informationen bez\u00fcglich der Navigation eines Computers auf einer Website erfasst. Die so gewonnenen Daten sollen zum einen die sp\u00e4tere Navigation auf der Website erleichtern und erm\u00f6glichen es zum anderen, Besuchsstatistiken zu erstellen. <\/p>\n<p>Die Ablehnung des Setzens von Cookies kann dazu f\u00fchren, dass bestimmte Dienste nicht zur Verf\u00fcgung stehen. Um das Setzen von Cookies abzulehnen, kann der Nutzer seinen Computer jedoch wie folgt konfigurieren: <\/p>\n<p>In Internet Explorer: Schaltfl\u00e4che Extras (das kleine Zahnrad oben rechts) \/ Internetoptionen. Klicken Sie auf \u201eDatenschutz\u201c und w\u00e4hlen Sie \u201eAlle Cookies blockieren\u201c. Best\u00e4tigen Sie mit Ok.  <\/p>\n<p>In Firefox: Klicken Sie oben rechts im Browserfenster auf die Men\u00fcschaltfl\u00e4che (drei horizontale Linien) und w\u00e4hlen Sie Einstellungen. Gehen Sie zum Abschnitt Datenschutz. <br \/>Setzen Sie die Auswahlliste neben \u201eFirefox wird eine Chronik:\u201c auf \u201enach benutzerdefinierten Einstellungen anlegen\u201c. Entfernen Sie das H\u00e4kchen bei \u201eCookies akzeptieren\u201c. <\/p>\n<p>In Safari: Klicken Sie oben rechts im Browser auf das Men\u00fc-Piktogramm (Zahnradsymbol). W\u00e4hlen Sie \u201eEinstellungen\u201c. Klicken Sie auf \u201eErweiterte Einstellungen anzeigen\u201c. Klicken Sie Abschnitt \u201eDatenschutz\u201c auf \u201eInhaltseinstellungen\u201c. Im Abschnitt \u201eCookies\u201c k\u00f6nnen Sie die Cookies blockieren.    <\/p>\n<p>In Chrome: Klicken Sie oben rechts im Browser auf das Men\u00fc-Piktogramm (drei vertikale Punkte). W\u00e4hlen Sie \u201eEinstellungen\u201c. Klicken Sie auf \u201eErweiterte Einstellungen anzeigen\u201c. Klicken Sie unter \u201eDatenschutz\u201c auf \u201eInhaltseinstellungen\u201c. Im Abschnitt \u201eCookies\u201c k\u00f6nnen Sie das Setzen von Cookies ablehnen.    <\/p>\n<p><span style=\"text-decoration: underline;\"><strong>ANZUWENDENDES RECHT UND GERICHTSSTAND<\/strong><\/span><\/p>\n<p>S\u00e4mtliche Streitigkeiten in Verbindung mit der Nutzung der Website <a href=\"https:\/\/www.invino-event.com\/\">www.invino-event.com<\/a> unterliegen dem franz\u00f6sischen Recht. Ausschlie\u00dflicher Gerichtsstand ist Paris.<\/p>\n<p><span style=\"text-decoration: underline;\"><strong>DIE WICHTIGSTEN RELEVANTEN GESETZE<\/strong><\/span><\/p>\n<p>Gesetz Nr. 78-17 vom 6. Januar 1978, abge\u00e4ndert insbesondere durch das Gesetz Nr. 2004-801 vom 6. August 2004 bez\u00fcglich Informatik, Dateien und Freiheiten (Datenschutzgesetz).<\/p>\n<p>Gesetz Nr. 2004-575 vom 21. Juni 2004 \u00fcber das Vertrauen in die digitale Wirtschaft.<\/p>\n<p><span style=\"text-decoration: underline;\"><strong>GLOSSAR<\/strong><\/span><\/p>\n<p>Nutzer: Ein Internetbenutzer, der die oben genannte Website aufruft und nutzt.<\/p>\n<p>Pers\u00f6nliche Daten: \u201eDaten, die \u2013 in welcher Form auch immer, direkt oder indirekt \u2013 die Identifizierung der nat\u00fcrlichen Personen erm\u00f6glichen, auf die sie sich beziehen.\u201c (Artikel 4 des franz\u00f6sischen Datenschutzgesetzes Nr. 78-17 vom 6. Januar 1978).<\/p>\n\t\t\t\t\t\t\t\t<\/div>\n\t\t\t\t<\/div>\n\t\t\t\t\t<\/div>\n\t\t<\/div>\n\t\t\t\t\t<\/div>\n\t\t<\/section>\n\t\t\t\t<\/div>\n\t\t","protected":false},"excerpt":{"rendered":"<p>RECHTLICHE HINWEISE PR\u00c4SENTATION DER WEBSITE digitale Wirtschaft werden die Nutzer der Website www.invino-event.com \u00fcber die Identit\u00e4t der verschiedenen f\u00fcr die Erstellung und Betreuung der Website verantwortlichen Akteure informiert: Eigent\u00fcmer: Invino Event \u2013 SIRET: 481 302 206 00059 \u2013 APE: 8230Z \u2013 Umsatzsteuer-Identit\u00e4tsnummer: FR 35 481 302 206 \u2013 36 Rue du Parc des Sports F-33440 [&hellip;]<\/p>\n","protected":false},"author":3,"featured_media":0,"parent":0,"menu_order":0,"comment_status":"closed","ping_status":"closed","template":"elementor_header_footer","meta":{"footnotes":""},"class_list":["post-5344","page","type-page","status-publish","hentry"],"yoast_head":"<!-- This site is optimized with the Yoast SEO plugin v27.3 - https:\/\/yoast.com\/product\/yoast-seo-wordpress\/ -->\n<title>RECHTLICHE HINWEISE - Invino Event<\/title>\n<meta name=\"description\" content=\"Invino Event - Khadija Ben Ammar. Animation und \u00f6nologische Workshops f\u00fcr Unternehmen: Teambuilding, Seminare, etc.\" \/>\n<meta name=\"robots\" content=\"index, follow, max-snippet:-1, max-image-preview:large, max-video-preview:-1\" \/>\n<link rel=\"canonical\" href=\"https:\/\/invino-event.com\/de\/rechtliche-hinweise\/\" \/>\n<meta property=\"og:locale\" content=\"de_DE\" \/>\n<meta property=\"og:type\" content=\"article\" \/>\n<meta property=\"og:title\" content=\"RECHTLICHE HINWEISE - Invino Event\" \/>\n<meta property=\"og:description\" content=\"Invino Event - Khadija Ben Ammar. Animation und \u00f6nologische Workshops f\u00fcr Unternehmen: Teambuilding, Seminare, etc.\" \/>\n<meta property=\"og:url\" content=\"https:\/\/invino-event.com\/de\/rechtliche-hinweise\/\" \/>\n<meta property=\"og:site_name\" content=\"Invino Event\" \/>\n<meta property=\"article:modified_time\" content=\"2022-10-28T08:48:59+00:00\" \/>\n<meta name=\"twitter:card\" content=\"summary_large_image\" \/>\n<meta name=\"twitter:label1\" content=\"Gesch\u00e4tzte Lesezeit\" \/>\n\t<meta name=\"twitter:data1\" content=\"7\u00a0Minuten\" \/>\n<script type=\"application\/ld+json\" class=\"yoast-schema-graph\">{\"@context\":\"https:\\\/\\\/schema.org\",\"@graph\":[{\"@type\":\"WebPage\",\"@id\":\"https:\\\/\\\/invino-event.com\\\/de\\\/rechtliche-hinweise\\\/\",\"url\":\"https:\\\/\\\/invino-event.com\\\/de\\\/rechtliche-hinweise\\\/\",\"name\":\"RECHTLICHE HINWEISE - Invino Event\",\"isPartOf\":{\"@id\":\"https:\\\/\\\/invino-event.com\\\/de\\\/#website\"},\"datePublished\":\"2022-09-14T11:30:53+00:00\",\"dateModified\":\"2022-10-28T08:48:59+00:00\",\"description\":\"Invino Event - Khadija Ben Ammar. Animation und \u00f6nologische Workshops f\u00fcr Unternehmen: Teambuilding, Seminare, etc.\",\"breadcrumb\":{\"@id\":\"https:\\\/\\\/invino-event.com\\\/de\\\/rechtliche-hinweise\\\/#breadcrumb\"},\"inLanguage\":\"de\",\"potentialAction\":[{\"@type\":\"ReadAction\",\"target\":[\"https:\\\/\\\/invino-event.com\\\/de\\\/rechtliche-hinweise\\\/\"]}]},{\"@type\":\"BreadcrumbList\",\"@id\":\"https:\\\/\\\/invino-event.com\\\/de\\\/rechtliche-hinweise\\\/#breadcrumb\",\"itemListElement\":[{\"@type\":\"ListItem\",\"position\":1,\"name\":\"Accueil\",\"item\":\"https:\\\/\\\/invino-event.com\\\/de\\\/\"},{\"@type\":\"ListItem\",\"position\":2,\"name\":\"RECHTLICHE HINWEISE\"}]},{\"@type\":\"WebSite\",\"@id\":\"https:\\\/\\\/invino-event.com\\\/de\\\/#website\",\"url\":\"https:\\\/\\\/invino-event.com\\\/de\\\/\",\"name\":\"Invino Event\",\"description\":\"Un site utilisant WordPress\",\"publisher\":{\"@id\":\"https:\\\/\\\/invino-event.com\\\/de\\\/#organization\"},\"potentialAction\":[{\"@type\":\"SearchAction\",\"target\":{\"@type\":\"EntryPoint\",\"urlTemplate\":\"https:\\\/\\\/invino-event.com\\\/de\\\/?s={search_term_string}\"},\"query-input\":{\"@type\":\"PropertyValueSpecification\",\"valueRequired\":true,\"valueName\":\"search_term_string\"}}],\"inLanguage\":\"de\"},{\"@type\":\"Organization\",\"@id\":\"https:\\\/\\\/invino-event.com\\\/de\\\/#organization\",\"name\":\"Invino Event\",\"url\":\"https:\\\/\\\/invino-event.com\\\/de\\\/\",\"logo\":{\"@type\":\"ImageObject\",\"inLanguage\":\"de\",\"@id\":\"https:\\\/\\\/invino-event.com\\\/de\\\/#\\\/schema\\\/logo\\\/image\\\/\",\"url\":\"https:\\\/\\\/invino-event.com\\\/wp-content\\\/uploads\\\/2022\\\/09\\\/logo-invinoevent-artigues-pre\u0300s-bordeaux.png\",\"contentUrl\":\"https:\\\/\\\/invino-event.com\\\/wp-content\\\/uploads\\\/2022\\\/09\\\/logo-invinoevent-artigues-pre\u0300s-bordeaux.png\",\"width\":1196,\"height\":559,\"caption\":\"Invino Event\"},\"image\":{\"@id\":\"https:\\\/\\\/invino-event.com\\\/de\\\/#\\\/schema\\\/logo\\\/image\\\/\"}}]}<\/script>\n<!-- \/ Yoast SEO plugin. -->","yoast_head_json":{"title":"RECHTLICHE HINWEISE - Invino Event","description":"Invino Event - Khadija Ben Ammar. Animation und \u00f6nologische Workshops f\u00fcr Unternehmen: Teambuilding, Seminare, etc.","robots":{"index":"index","follow":"follow","max-snippet":"max-snippet:-1","max-image-preview":"max-image-preview:large","max-video-preview":"max-video-preview:-1"},"canonical":"https:\/\/invino-event.com\/de\/rechtliche-hinweise\/","og_locale":"de_DE","og_type":"article","og_title":"RECHTLICHE HINWEISE - Invino Event","og_description":"Invino Event - Khadija Ben Ammar. Animation und \u00f6nologische Workshops f\u00fcr Unternehmen: Teambuilding, Seminare, etc.","og_url":"https:\/\/invino-event.com\/de\/rechtliche-hinweise\/","og_site_name":"Invino Event","article_modified_time":"2022-10-28T08:48:59+00:00","twitter_card":"summary_large_image","twitter_misc":{"Gesch\u00e4tzte Lesezeit":"7\u00a0Minuten"},"schema":{"@context":"https:\/\/schema.org","@graph":[{"@type":"WebPage","@id":"https:\/\/invino-event.com\/de\/rechtliche-hinweise\/","url":"https:\/\/invino-event.com\/de\/rechtliche-hinweise\/","name":"RECHTLICHE HINWEISE - Invino Event","isPartOf":{"@id":"https:\/\/invino-event.com\/de\/#website"},"datePublished":"2022-09-14T11:30:53+00:00","dateModified":"2022-10-28T08:48:59+00:00","description":"Invino Event - Khadija Ben Ammar. Animation und \u00f6nologische Workshops f\u00fcr Unternehmen: Teambuilding, Seminare, etc.","breadcrumb":{"@id":"https:\/\/invino-event.com\/de\/rechtliche-hinweise\/#breadcrumb"},"inLanguage":"de","potentialAction":[{"@type":"ReadAction","target":["https:\/\/invino-event.com\/de\/rechtliche-hinweise\/"]}]},{"@type":"BreadcrumbList","@id":"https:\/\/invino-event.com\/de\/rechtliche-hinweise\/#breadcrumb","itemListElement":[{"@type":"ListItem","position":1,"name":"Accueil","item":"https:\/\/invino-event.com\/de\/"},{"@type":"ListItem","position":2,"name":"RECHTLICHE HINWEISE"}]},{"@type":"WebSite","@id":"https:\/\/invino-event.com\/de\/#website","url":"https:\/\/invino-event.com\/de\/","name":"Invino Event","description":"Un site utilisant WordPress","publisher":{"@id":"https:\/\/invino-event.com\/de\/#organization"},"potentialAction":[{"@type":"SearchAction","target":{"@type":"EntryPoint","urlTemplate":"https:\/\/invino-event.com\/de\/?s={search_term_string}"},"query-input":{"@type":"PropertyValueSpecification","valueRequired":true,"valueName":"search_term_string"}}],"inLanguage":"de"},{"@type":"Organization","@id":"https:\/\/invino-event.com\/de\/#organization","name":"Invino Event","url":"https:\/\/invino-event.com\/de\/","logo":{"@type":"ImageObject","inLanguage":"de","@id":"https:\/\/invino-event.com\/de\/#\/schema\/logo\/image\/","url":"https:\/\/invino-event.com\/wp-content\/uploads\/2022\/09\/logo-invinoevent-artigues-pre\u0300s-bordeaux.png","contentUrl":"https:\/\/invino-event.com\/wp-content\/uploads\/2022\/09\/logo-invinoevent-artigues-pre\u0300s-bordeaux.png","width":1196,"height":559,"caption":"Invino Event"},"image":{"@id":"https:\/\/invino-event.com\/de\/#\/schema\/logo\/image\/"}}]}},"_links":{"self":[{"href":"https:\/\/invino-event.com\/de\/wp-json\/wp\/v2\/pages\/5344","targetHints":{"allow":["GET"]}}],"collection":[{"href":"https:\/\/invino-event.com\/de\/wp-json\/wp\/v2\/pages"}],"about":[{"href":"https:\/\/invino-event.com\/de\/wp-json\/wp\/v2\/types\/page"}],"author":[{"embeddable":true,"href":"https:\/\/invino-event.com\/de\/wp-json\/wp\/v2\/users\/3"}],"replies":[{"embeddable":true,"href":"https:\/\/invino-event.com\/de\/wp-json\/wp\/v2\/comments?post=5344"}],"version-history":[{"count":0,"href":"https:\/\/invino-event.com\/de\/wp-json\/wp\/v2\/pages\/5344\/revisions"}],"wp:attachment":[{"href":"https:\/\/invino-event.com\/de\/wp-json\/wp\/v2\/media?parent=5344"}],"curies":[{"name":"wp","href":"https:\/\/api.w.org\/{rel}","templated":true}]}}